{"id":9724,"date":"2024-02-09T09:48:11","date_gmt":"2024-02-09T09:48:11","guid":{"rendered":"https:\/\/devmsite2.manualdevelopment.com\/?page_id=9724"},"modified":"2024-09-26T12:50:58","modified_gmt":"2024-09-26T12:50:58","slug":"technischer-redakteur-junior","status":"publish","type":"page","link":"https:\/\/www.manualise.com\/de\/technischer-redakteur-junior\/","title":{"rendered":"Technischer Redakteur (Junior)"},"content":{"rendered":"\n<h4 class=\"wp-block-heading\">\u00dcber Manualise<\/h4>\n\n\n\n<p>Seit 2010 sind wir als Spezialist f\u00fcr die Entwicklung, Verbesserung und Verwaltung von Handb\u00fcchern in A-Qualit\u00e4t bekannt. Wir arbeiten f\u00fcr eine Reihe von branchenf\u00fchrenden Kunden, darunter Ziggo, Urban Arrow, Solis of Switzerland, Fischer, Kyocera Senco und Mokveld. Da wir die wachsende Nachfrage auf dem Markt kaum noch bew\u00e4ltigen k\u00f6nnen, suchen wir neue Mitarbeiter f\u00fcr unser Team.<\/p>\n\n\n\n<h4 class=\"wp-block-heading\">\u00dcber die T\u00e4tigkeit<\/h4>\n\n\n\n<p>Als technischer Redakteur entwickeln, schreiben und illustrieren Sie Benutzerhandb\u00fccher f\u00fcr Produkte. Dabei handelt es sich insbesondere um Konsumg\u00fcter, Maschinen, Ger\u00e4te und Software. Sie sind in den gesamten Prozess eingebunden, von der Angebotserstellung f\u00fcr den neuen oder bestehenden Kunden bis hin zur Gestaltung des Endprodukts. Sie sind verantwortlich f\u00fcr Ihren eigenen Zeitplan, bekommen Ihre eigenen Projekte zugewiesen und kommunizieren direkt mit den Kunden.<\/p>\n\n\n\n<p>Sie arbeiten in einem kleinen, aber feinen, wachsenden Unternehmen mit einem jungen Team von begeisterten Millennials. Sie k\u00f6nnen sich in gewissen Teilbereichen des Designprozesses weiterentwickeln: Texterstellung, Erstellen von Illustrationen, Layout usw. Und vor allem: Wir sind immer offen f\u00fcr gute Ideen und Eigeninitiative!<\/p>\n\n\n\n<h4 class=\"wp-block-heading\">Stellenanforderungen<\/h4>\n\n\n\n<ul class=\"wp-block-list\">\n<li>Sie verf\u00fcgen \u00fcber einen technischen Bachelor- oder Masterabschluss in einer relevanten Disziplin, wie z. B. Industrie-\/Produkt-Design, Maschinenbau, Verfahrenstechnik oder Elektrotechnik<\/li>\n\n\n\n<li>Sie verf\u00fcgen \u00fcber ausgezeichnete Kenntnisse der niederl\u00e4ndischen und englischen Sprache in Wort und Schrift<\/li>\n\n\n\n<li>Sie sind gut im Management von Projekten und die Einhaltung von Fristen ist f\u00fcr Sie eine Selbstverst\u00e4ndlichkeit<\/li>\n\n\n\n<li>Sie k\u00f6nnen gut selbst\u00e4ndig arbeiten, sind aber auch ein Teamplayer<\/li>\n\n\n\n<li>Sie haben ein gutes technisches Verst\u00e4ndnis und lieben es Dinge herauszufinden<\/li>\n\n\n\n<li>Sie haben ein Talent daf\u00fcr, Informationen zu strukturieren und sie klar in Worten\/Bildern darzustellen<\/li>\n\n\n\n<li>Sie haben ein ausgezeichnetes technisches Verst\u00e4ndnis<\/li>\n\n\n\n<li>Sie haben gute Kommunikationsf\u00e4higkeiten<\/li>\n\n\n\n<li>Sie sind ergebnisorientiert<\/li>\n\n\n\n<li>Erfahrung mit Adobe InDesign, Adobe Illustrator und SolidWorks Composer ist von Vorteil<\/li>\n<\/ul>\n\n\n\n<h4 class=\"wp-block-heading\">Was wir bieten<\/h4>\n\n\n\n<ul class=\"wp-block-list\">\n<li>Ein informeller Arbeitsplatz in Delft, mit der M\u00f6glichkeit, teilweise von zu Hause aus zu arbeiten<\/li>\n\n\n\n<li>Flexible Arbeitszeiten<\/li>\n\n\n\n<li>Viel Freiheit bei der Ausf\u00fchrung Ihrer Arbeit<\/li>\n\n\n\n<li>Abwechslungsreiche und anspruchsvolle Projekte<\/li>\n\n\n\n<li>Raum f\u00fcr Entwicklung<\/li>\n\n\n\n<li>Angenehme Kollegen<\/li>\n\n\n\n<li>Ein wettbewerbsf\u00e4higes Gehalt<\/li>\n\n\n\n<li>Das leckerste Mittagessen in Delft!<\/li>\n<\/ul>\n\n\n\n<h4 class=\"wp-block-heading\">Bewerben<\/h4>\n\n\n\n<p>Sind Sie an dieser Stelle interessiert? Senden Sie Ihr Anschreiben und Ihren Lebenslauf an\u00a0<a href=\"mailto:t.vandewiel@manualise.com\">t.vandewiel@manualise.com<\/a>\u00a0(z. Hd. Tom van de Wiel) mit dem Vermerk \u201eBewerbung Technischer Redakteur (Junior)\u201c.<\/p>\n\n\n\n<p>Wenn Sie Fragen zur Stelle und zum Bewerbungsverfahren haben, wenden Sie sich bitte an Stefanie Windt unter\u00a0<a href=\"mailto:s.windt@manualise.com\">s.windt@manualise.com<\/a>.<\/p>\n\n\n\n<p><\/p>\n","protected":false},"excerpt":{"rendered":"<p>\u00dcber Manualise Seit 2010 sind wir als Spezialist f\u00fcr die Entwicklung, Verbesserung und Verwaltung von Handb\u00fcchern in A-Qualit\u00e4t bekannt. Wir arbeiten f\u00fcr eine Reihe von branchenf\u00fchrenden Kunden, darunter Ziggo, Urban Arrow, Solis of Switzerland, Fischer, Kyocera Senco und Mokveld. Da wir die wachsende Nachfrage auf dem Markt kaum noch bew\u00e4ltigen k\u00f6nnen, suchen wir neue Mitarbeiter [&#8230;]<\/p>\n<p><a class=\"btn btn-secondary understrap-read-more-link\" href=\"https:\/\/www.manualise.com\/de\/technischer-redakteur-junior\/\">Weiterlesen\u00a0\u2026<span class=\"screen-reader-text\"> from Technischer Redakteur (Junior)<\/span><\/a><\/p>\n","protected":false},"author":1,"featured_media":0,"parent":0,"menu_order":0,"comment_status":"closed","ping_status":"closed","template":"single-vacancy.php","meta":{"_acf_changed":false,"inline_featured_image":false,"footnotes":""},"class_list":["post-9724","page","type-page","status-publish","hentry"],"acf":[],"yoast_head":"<!-- This site is optimized with the Yoast SEO plugin v27.1.1 - https:\/\/yoast.com\/product\/yoast-seo-wordpress\/ -->\n<title>Technischer Redakteur (Junior) - Manualise<\/title>\n<meta name=\"robots\" content=\"index, follow, max-snippet:-1, max-image-preview:large, max-video-preview:-1\" \/>\n<link rel=\"canonical\" href=\"https:\/\/www.manualise.com\/de\/technischer-redakteur-junior\/\" \/>\n<meta property=\"og:locale\" content=\"de_DE\" \/>\n<meta property=\"og:type\" content=\"article\" \/>\n<meta property=\"og:title\" content=\"Technischer Redakteur (Junior) - Manualise\" \/>\n<meta property=\"og:description\" content=\"\u00dcber Manualise Seit 2010 sind wir als Spezialist f\u00fcr die Entwicklung, Verbesserung und Verwaltung von Handb\u00fcchern in A-Qualit\u00e4t bekannt. Wir arbeiten f\u00fcr eine Reihe von branchenf\u00fchrenden Kunden, darunter Ziggo, Urban Arrow, Solis of Switzerland, Fischer, Kyocera Senco und Mokveld. Da wir die wachsende Nachfrage auf dem Markt kaum noch bew\u00e4ltigen k\u00f6nnen, suchen wir neue Mitarbeiter [...]Weiterlesen\u00a0\u2026 from Technischer Redakteur (Junior)\" \/>\n<meta property=\"og:url\" content=\"https:\/\/www.manualise.com\/de\/technischer-redakteur-junior\/\" \/>\n<meta property=\"og:site_name\" content=\"Manualise\" \/>\n<meta property=\"article:publisher\" content=\"https:\/\/www.facebook.com\/profile.php?id=100075719665277\" \/>\n<meta property=\"article:modified_time\" content=\"2024-09-26T12:50:58+00:00\" \/>\n<meta name=\"twitter:card\" content=\"summary_large_image\" \/>\n<meta name=\"twitter:label1\" content=\"Gesch\u00e4tzte Lesezeit\" \/>\n\t<meta name=\"twitter:data1\" content=\"2\u00a0Minuten\" \/>\n<script type=\"application\/ld+json\" class=\"yoast-schema-graph\">{\"@context\":\"https:\/\/schema.org\",\"@graph\":[{\"@type\":\"WebPage\",\"@id\":\"https:\/\/www.manualise.com\/de\/technischer-redakteur-junior\/\",\"url\":\"https:\/\/www.manualise.com\/de\/technischer-redakteur-junior\/\",\"name\":\"Technischer Redakteur (Junior) - Manualise\",\"isPartOf\":{\"@id\":\"https:\/\/www.manualise.com\/de\/#website\"},\"datePublished\":\"2024-02-09T09:48:11+00:00\",\"dateModified\":\"2024-09-26T12:50:58+00:00\",\"breadcrumb\":{\"@id\":\"https:\/\/www.manualise.com\/de\/technischer-redakteur-junior\/#breadcrumb\"},\"inLanguage\":\"de\",\"potentialAction\":[{\"@type\":\"ReadAction\",\"target\":[\"https:\/\/www.manualise.com\/de\/technischer-redakteur-junior\/\"]}]},{\"@type\":\"BreadcrumbList\",\"@id\":\"https:\/\/www.manualise.com\/de\/technischer-redakteur-junior\/#breadcrumb\",\"itemListElement\":[{\"@type\":\"ListItem\",\"position\":1,\"name\":\"Home\",\"item\":\"https:\/\/www.manualise.com\/de\/\"},{\"@type\":\"ListItem\",\"position\":2,\"name\":\"Technischer Redakteur (Junior)\"}]},{\"@type\":\"WebSite\",\"@id\":\"https:\/\/www.manualise.com\/de\/#website\",\"url\":\"https:\/\/www.manualise.com\/de\/\",\"name\":\"Manualise\",\"description\":\"\",\"publisher\":{\"@id\":\"https:\/\/www.manualise.com\/de\/#organization\"},\"potentialAction\":[{\"@type\":\"SearchAction\",\"target\":{\"@type\":\"EntryPoint\",\"urlTemplate\":\"https:\/\/www.manualise.com\/de\/?s={search_term_string}\"},\"query-input\":{\"@type\":\"PropertyValueSpecification\",\"valueRequired\":true,\"valueName\":\"search_term_string\"}}],\"inLanguage\":\"de\"},{\"@type\":\"Organization\",\"@id\":\"https:\/\/www.manualise.com\/de\/#organization\",\"name\":\"Manualise\",\"url\":\"https:\/\/www.manualise.com\/de\/\",\"logo\":{\"@type\":\"ImageObject\",\"inLanguage\":\"de\",\"@id\":\"https:\/\/www.manualise.com\/de\/#\/schema\/logo\/image\/\",\"url\":\"https:\/\/www.manualise.com\/wp-content\/uploads\/2022\/05\/cropped-logo-1.png\",\"contentUrl\":\"https:\/\/www.manualise.com\/wp-content\/uploads\/2022\/05\/cropped-logo-1.png\",\"width\":376,\"height\":72,\"caption\":\"Manualise\"},\"image\":{\"@id\":\"https:\/\/www.manualise.com\/de\/#\/schema\/logo\/image\/\"},\"sameAs\":[\"https:\/\/www.facebook.com\/profile.php?id=100075719665277\",\"https:\/\/www.linkedin.com\/company\/3280823\/\"]}]}<\/script>\n<!-- \/ Yoast SEO plugin. -->","yoast_head_json":{"title":"Technischer Redakteur (Junior) - Manualise","robots":{"index":"index","follow":"follow","max-snippet":"max-snippet:-1","max-image-preview":"max-image-preview:large","max-video-preview":"max-video-preview:-1"},"canonical":"https:\/\/www.manualise.com\/de\/technischer-redakteur-junior\/","og_locale":"de_DE","og_type":"article","og_title":"Technischer Redakteur (Junior) - Manualise","og_description":"\u00dcber Manualise Seit 2010 sind wir als Spezialist f\u00fcr die Entwicklung, Verbesserung und Verwaltung von Handb\u00fcchern in A-Qualit\u00e4t bekannt. Wir arbeiten f\u00fcr eine Reihe von branchenf\u00fchrenden Kunden, darunter Ziggo, Urban Arrow, Solis of Switzerland, Fischer, Kyocera Senco und Mokveld. Da wir die wachsende Nachfrage auf dem Markt kaum noch bew\u00e4ltigen k\u00f6nnen, suchen wir neue Mitarbeiter [...]Weiterlesen\u00a0\u2026 from Technischer Redakteur (Junior)","og_url":"https:\/\/www.manualise.com\/de\/technischer-redakteur-junior\/","og_site_name":"Manualise","article_publisher":"https:\/\/www.facebook.com\/profile.php?id=100075719665277","article_modified_time":"2024-09-26T12:50:58+00:00","twitter_card":"summary_large_image","twitter_misc":{"Gesch\u00e4tzte Lesezeit":"2\u00a0Minuten"},"schema":{"@context":"https:\/\/schema.org","@graph":[{"@type":"WebPage","@id":"https:\/\/www.manualise.com\/de\/technischer-redakteur-junior\/","url":"https:\/\/www.manualise.com\/de\/technischer-redakteur-junior\/","name":"Technischer Redakteur (Junior) - Manualise","isPartOf":{"@id":"https:\/\/www.manualise.com\/de\/#website"},"datePublished":"2024-02-09T09:48:11+00:00","dateModified":"2024-09-26T12:50:58+00:00","breadcrumb":{"@id":"https:\/\/www.manualise.com\/de\/technischer-redakteur-junior\/#breadcrumb"},"inLanguage":"de","potentialAction":[{"@type":"ReadAction","target":["https:\/\/www.manualise.com\/de\/technischer-redakteur-junior\/"]}]},{"@type":"BreadcrumbList","@id":"https:\/\/www.manualise.com\/de\/technischer-redakteur-junior\/#breadcrumb","itemListElement":[{"@type":"ListItem","position":1,"name":"Home","item":"https:\/\/www.manualise.com\/de\/"},{"@type":"ListItem","position":2,"name":"Technischer Redakteur (Junior)"}]},{"@type":"WebSite","@id":"https:\/\/www.manualise.com\/de\/#website","url":"https:\/\/www.manualise.com\/de\/","name":"Manualise","description":"","publisher":{"@id":"https:\/\/www.manualise.com\/de\/#organization"},"potentialAction":[{"@type":"SearchAction","target":{"@type":"EntryPoint","urlTemplate":"https:\/\/www.manualise.com\/de\/?s={search_term_string}"},"query-input":{"@type":"PropertyValueSpecification","valueRequired":true,"valueName":"search_term_string"}}],"inLanguage":"de"},{"@type":"Organization","@id":"https:\/\/www.manualise.com\/de\/#organization","name":"Manualise","url":"https:\/\/www.manualise.com\/de\/","logo":{"@type":"ImageObject","inLanguage":"de","@id":"https:\/\/www.manualise.com\/de\/#\/schema\/logo\/image\/","url":"https:\/\/www.manualise.com\/wp-content\/uploads\/2022\/05\/cropped-logo-1.png","contentUrl":"https:\/\/www.manualise.com\/wp-content\/uploads\/2022\/05\/cropped-logo-1.png","width":376,"height":72,"caption":"Manualise"},"image":{"@id":"https:\/\/www.manualise.com\/de\/#\/schema\/logo\/image\/"},"sameAs":["https:\/\/www.facebook.com\/profile.php?id=100075719665277","https:\/\/www.linkedin.com\/company\/3280823\/"]}]}},"_links":{"self":[{"href":"https:\/\/www.manualise.com\/de\/wp-json\/wp\/v2\/pages\/9724","targetHints":{"allow":["GET"]}}],"collection":[{"href":"https:\/\/www.manualise.com\/de\/wp-json\/wp\/v2\/pages"}],"about":[{"href":"https:\/\/www.manualise.com\/de\/wp-json\/wp\/v2\/types\/page"}],"author":[{"embeddable":true,"href":"https:\/\/www.manualise.com\/de\/wp-json\/wp\/v2\/users\/1"}],"replies":[{"embeddable":true,"href":"https:\/\/www.manualise.com\/de\/wp-json\/wp\/v2\/comments?post=9724"}],"version-history":[{"count":3,"href":"https:\/\/www.manualise.com\/de\/wp-json\/wp\/v2\/pages\/9724\/revisions"}],"predecessor-version":[{"id":16509,"href":"https:\/\/www.manualise.com\/de\/wp-json\/wp\/v2\/pages\/9724\/revisions\/16509"}],"wp:attachment":[{"href":"https:\/\/www.manualise.com\/de\/wp-json\/wp\/v2\/media?parent=9724"}],"curies":[{"name":"wp","href":"https:\/\/api.w.org\/{rel}","templated":true}]}}