{"id":9727,"date":"2024-02-09T09:49:35","date_gmt":"2024-02-09T09:49:35","guid":{"rendered":"https:\/\/www.manualise.com\/?page_id=9727"},"modified":"2024-09-26T12:50:01","modified_gmt":"2024-09-26T12:50:01","slug":"leitender-technischer-redakteur","status":"publish","type":"page","link":"https:\/\/www.manualise.com\/de\/leitender-technischer-redakteur\/","title":{"rendered":"Leitender technischer Redakteur"},"content":{"rendered":"\n<h4 class=\"wp-block-heading\">\u00dcber Manualise<\/h4>\n\n\n\n<p>Seit 2010 sind wir als Spezialist f\u00fcr die Entwicklung, Verbesserung und Verwaltung von Handb\u00fcchern in A-Qualit\u00e4t bekannt. Wir arbeiten f\u00fcr eine Reihe von branchenf\u00fchrenden Kunden, darunter Ziggo, Urban Arrow, Solis of Switzerland, Fischer, Kyocera Senco und Mokveld. Da wir die wachsende Nachfrage auf dem Markt kaum noch bew\u00e4ltigen k\u00f6nnen, suchen wir neue Mitarbeiter f\u00fcr unser Team.<\/p>\n\n\n\n<h4 class=\"wp-block-heading\">\u00dcber die T\u00e4tigkeit<\/h4>\n\n\n\n<p>Als Leitender technischer Redakteur verfassen Sie Benutzerhandb\u00fccher f\u00fcr verschiedene Produkte. Dabei handelt es sich insbesondere um Konsumg\u00fcter, Maschinen, Ger\u00e4te und Software. Sie betreuen den gesamten Prozess von der Angebotserstellung f\u00fcr den neuen oder bestehenden Kunden bis zur Gestaltung des Endprodukts. Sie sind in der Lage, Aufgaben selbst auszuf\u00fchren oder zu delegieren. Sie sind verantwortlich f\u00fcr Ihren eigenen Zeitplan und kommunizieren direkt mit den Kunden.<\/p>\n\n\n\n<p>Sie arbeiten in einem kleinen Unternehmen mit einer flachen Organisationsstruktur. Es herrscht eine ungezwungene Atmosph\u00e4re, und die Kollegen sind stets bereit, sich gegenseitig zu helfen. Obwohl wir davon ausgehen, dass Sie bereits \u00fcber die erforderlichen Kenntnisse und Erfahrungen verf\u00fcgen, ermutigen wir Sie, sich weiterzuentwickeln. Dabei sind wir stets offen f\u00fcr gute Ideen und Eigeninitiative.<\/p>\n\n\n\n<h4 class=\"wp-block-heading\">Berufliche Anforderungen<\/h4>\n\n\n\n<ul class=\"wp-block-list\">\n<li>Sie verf\u00fcgen \u00fcber einen technischen Bachelor- oder Master-Abschluss in einer einschl\u00e4gigen Disziplin, wie z. B. Industrie-\/Produkt-Design, Maschinenbau, Verfahrenstechnik oder Elektrotechnik<\/li>\n\n\n\n<li>Sie haben mindestens 3 Jahre Berufserfahrung als technischer Redakteur<\/li>\n\n\n\n<li>Sie verf\u00fcgen \u00fcber ausgezeichnete Kenntnisse der niederl\u00e4ndischen und englischen Sprache in Wort und Schrift<\/li>\n\n\n\n<li>Sie sind gut im Verwalten von Projekten und die Einhaltung von Fristen ist f\u00fcr Sie eine Selbstverst\u00e4ndlichkeit<\/li>\n\n\n\n<li>Sie k\u00f6nnen gut selbst\u00e4ndig arbeiten, sind aber auch ein Teamplayer<\/li>\n\n\n\n<li>Sie haben ein Talent daf\u00fcr, Informationen zu strukturieren und sie klar in Worten\/Bildern darzustellen<\/li>\n\n\n\n<li>Sie haben ein ausgezeichnetes technisches Verst\u00e4ndnis<\/li>\n\n\n\n<li>Sie haben gute Kommunikationsf\u00e4higkeiten<\/li>\n\n\n\n<li>Sie sind ergebnisorientiert<\/li>\n\n\n\n<li>Sie k\u00f6nnen Kundenbeziehungen aufbauen und pflegen<\/li>\n\n\n\n<li>Erfahrung mit Adobe InDesign, Adobe Illustrator und SolidWorks Composer ist von Vorteil<\/li>\n\n\n\n<li>Kenntnisse \u00fcber STE und Normen\/Richtlinien im Bereich der (Maschinen-)Handb\u00fccher sind von Vorteil<\/li>\n<\/ul>\n\n\n\n<h4 class=\"wp-block-heading\">Was wir bieten<\/h4>\n\n\n\n<ul class=\"wp-block-list\">\n<li>Ein informeller Arbeitsplatz in Delft, mit der M\u00f6glichkeit, teilweise von zu Hause aus zu arbeiten<\/li>\n\n\n\n<li>Flexible Arbeitszeiten<\/li>\n\n\n\n<li>Viel Freiheit bei der Ausf\u00fchrung Ihrer Arbeit<\/li>\n\n\n\n<li>Abwechslungsreiche und anspruchsvolle Projekte<\/li>\n\n\n\n<li>Raum f\u00fcr Entwicklung<\/li>\n\n\n\n<li>Angenehme Kollegen<\/li>\n\n\n\n<li>Ein wettbewerbsf\u00e4higes Gehalt<\/li>\n\n\n\n<li>Das leckerste Mittagessen in Delft!<\/li>\n<\/ul>\n\n\n\n<h4 class=\"wp-block-heading\">Bewerbung<\/h4>\n\n\n\n<p>Sind Sie an dieser Stelle interessiert? Senden Sie Ihr Anschreiben und Ihren Lebenslauf an\u00a0<a href=\"mailto:t.vandewiel@manualise.com\">t.vandewiel@manualise.com<\/a>\u00a0(z. Hd. Tom van de Wiel) mit dem Vermerk \u201eBewerbung Leitender technischer Redakteur\u201c.<\/p>\n\n\n\n<p>Wenn Sie Fragen zur Stelle und zum Bewerbungsverfahren haben, wenden Sie sich bitte an Stefanie Windt unter\u00a0<a href=\"mailto:s.windt@manualise.com\">s.windt@manualise.com<\/a>.<\/p>\n\n\n\n<p><\/p>\n","protected":false},"excerpt":{"rendered":"<p>\u00dcber Manualise Seit 2010 sind wir als Spezialist f\u00fcr die Entwicklung, Verbesserung und Verwaltung von Handb\u00fcchern in A-Qualit\u00e4t bekannt. Wir arbeiten f\u00fcr eine Reihe von branchenf\u00fchrenden Kunden, darunter Ziggo, Urban Arrow, Solis of Switzerland, Fischer, Kyocera Senco und Mokveld. Da wir die wachsende Nachfrage auf dem Markt kaum noch bew\u00e4ltigen k\u00f6nnen, suchen wir neue Mitarbeiter [&#8230;]<\/p>\n<p><a class=\"btn btn-secondary understrap-read-more-link\" href=\"https:\/\/www.manualise.com\/de\/leitender-technischer-redakteur\/\">Weiterlesen\u00a0\u2026<span class=\"screen-reader-text\"> from Leitender technischer Redakteur<\/span><\/a><\/p>\n","protected":false},"author":1,"featured_media":0,"parent":0,"menu_order":0,"comment_status":"closed","ping_status":"closed","template":"single-vacancy.php","meta":{"_acf_changed":false,"inline_featured_image":false,"footnotes":""},"class_list":["post-9727","page","type-page","status-publish","hentry"],"acf":[],"yoast_head":"<!-- This site is optimized with the Yoast SEO plugin v27.1.1 - https:\/\/yoast.com\/product\/yoast-seo-wordpress\/ -->\n<title>Leitender technischer Redakteur - Manualise<\/title>\n<meta name=\"robots\" content=\"index, follow, max-snippet:-1, max-image-preview:large, max-video-preview:-1\" \/>\n<link rel=\"canonical\" href=\"https:\/\/www.manualise.com\/de\/leitender-technischer-redakteur\/\" \/>\n<meta property=\"og:locale\" content=\"de_DE\" \/>\n<meta property=\"og:type\" content=\"article\" \/>\n<meta property=\"og:title\" content=\"Leitender technischer Redakteur - Manualise\" \/>\n<meta property=\"og:description\" content=\"\u00dcber Manualise Seit 2010 sind wir als Spezialist f\u00fcr die Entwicklung, Verbesserung und Verwaltung von Handb\u00fcchern in A-Qualit\u00e4t bekannt. Wir arbeiten f\u00fcr eine Reihe von branchenf\u00fchrenden Kunden, darunter Ziggo, Urban Arrow, Solis of Switzerland, Fischer, Kyocera Senco und Mokveld. Da wir die wachsende Nachfrage auf dem Markt kaum noch bew\u00e4ltigen k\u00f6nnen, suchen wir neue Mitarbeiter [...]Weiterlesen\u00a0\u2026 from Leitender technischer Redakteur\" \/>\n<meta property=\"og:url\" content=\"https:\/\/www.manualise.com\/de\/leitender-technischer-redakteur\/\" \/>\n<meta property=\"og:site_name\" content=\"Manualise\" \/>\n<meta property=\"article:publisher\" content=\"https:\/\/www.facebook.com\/profile.php?id=100075719665277\" \/>\n<meta property=\"article:modified_time\" content=\"2024-09-26T12:50:01+00:00\" \/>\n<meta name=\"twitter:card\" content=\"summary_large_image\" \/>\n<meta name=\"twitter:label1\" content=\"Gesch\u00e4tzte Lesezeit\" \/>\n\t<meta name=\"twitter:data1\" content=\"2\u00a0Minuten\" \/>\n<script type=\"application\/ld+json\" class=\"yoast-schema-graph\">{\"@context\":\"https:\/\/schema.org\",\"@graph\":[{\"@type\":\"WebPage\",\"@id\":\"https:\/\/www.manualise.com\/de\/leitender-technischer-redakteur\/\",\"url\":\"https:\/\/www.manualise.com\/de\/leitender-technischer-redakteur\/\",\"name\":\"Leitender technischer Redakteur - Manualise\",\"isPartOf\":{\"@id\":\"https:\/\/www.manualise.com\/de\/#website\"},\"datePublished\":\"2024-02-09T09:49:35+00:00\",\"dateModified\":\"2024-09-26T12:50:01+00:00\",\"breadcrumb\":{\"@id\":\"https:\/\/www.manualise.com\/de\/leitender-technischer-redakteur\/#breadcrumb\"},\"inLanguage\":\"de\",\"potentialAction\":[{\"@type\":\"ReadAction\",\"target\":[\"https:\/\/www.manualise.com\/de\/leitender-technischer-redakteur\/\"]}]},{\"@type\":\"BreadcrumbList\",\"@id\":\"https:\/\/www.manualise.com\/de\/leitender-technischer-redakteur\/#breadcrumb\",\"itemListElement\":[{\"@type\":\"ListItem\",\"position\":1,\"name\":\"Home\",\"item\":\"https:\/\/www.manualise.com\/de\/\"},{\"@type\":\"ListItem\",\"position\":2,\"name\":\"Leitender technischer Redakteur\"}]},{\"@type\":\"WebSite\",\"@id\":\"https:\/\/www.manualise.com\/de\/#website\",\"url\":\"https:\/\/www.manualise.com\/de\/\",\"name\":\"Manualise\",\"description\":\"\",\"publisher\":{\"@id\":\"https:\/\/www.manualise.com\/de\/#organization\"},\"potentialAction\":[{\"@type\":\"SearchAction\",\"target\":{\"@type\":\"EntryPoint\",\"urlTemplate\":\"https:\/\/www.manualise.com\/de\/?s={search_term_string}\"},\"query-input\":{\"@type\":\"PropertyValueSpecification\",\"valueRequired\":true,\"valueName\":\"search_term_string\"}}],\"inLanguage\":\"de\"},{\"@type\":\"Organization\",\"@id\":\"https:\/\/www.manualise.com\/de\/#organization\",\"name\":\"Manualise\",\"url\":\"https:\/\/www.manualise.com\/de\/\",\"logo\":{\"@type\":\"ImageObject\",\"inLanguage\":\"de\",\"@id\":\"https:\/\/www.manualise.com\/de\/#\/schema\/logo\/image\/\",\"url\":\"https:\/\/www.manualise.com\/wp-content\/uploads\/2022\/05\/cropped-logo-1.png\",\"contentUrl\":\"https:\/\/www.manualise.com\/wp-content\/uploads\/2022\/05\/cropped-logo-1.png\",\"width\":376,\"height\":72,\"caption\":\"Manualise\"},\"image\":{\"@id\":\"https:\/\/www.manualise.com\/de\/#\/schema\/logo\/image\/\"},\"sameAs\":[\"https:\/\/www.facebook.com\/profile.php?id=100075719665277\",\"https:\/\/www.linkedin.com\/company\/3280823\/\"]}]}<\/script>\n<!-- \/ Yoast SEO plugin. -->","yoast_head_json":{"title":"Leitender technischer Redakteur - Manualise","robots":{"index":"index","follow":"follow","max-snippet":"max-snippet:-1","max-image-preview":"max-image-preview:large","max-video-preview":"max-video-preview:-1"},"canonical":"https:\/\/www.manualise.com\/de\/leitender-technischer-redakteur\/","og_locale":"de_DE","og_type":"article","og_title":"Leitender technischer Redakteur - Manualise","og_description":"\u00dcber Manualise Seit 2010 sind wir als Spezialist f\u00fcr die Entwicklung, Verbesserung und Verwaltung von Handb\u00fcchern in A-Qualit\u00e4t bekannt. Wir arbeiten f\u00fcr eine Reihe von branchenf\u00fchrenden Kunden, darunter Ziggo, Urban Arrow, Solis of Switzerland, Fischer, Kyocera Senco und Mokveld. Da wir die wachsende Nachfrage auf dem Markt kaum noch bew\u00e4ltigen k\u00f6nnen, suchen wir neue Mitarbeiter [...]Weiterlesen\u00a0\u2026 from Leitender technischer Redakteur","og_url":"https:\/\/www.manualise.com\/de\/leitender-technischer-redakteur\/","og_site_name":"Manualise","article_publisher":"https:\/\/www.facebook.com\/profile.php?id=100075719665277","article_modified_time":"2024-09-26T12:50:01+00:00","twitter_card":"summary_large_image","twitter_misc":{"Gesch\u00e4tzte Lesezeit":"2\u00a0Minuten"},"schema":{"@context":"https:\/\/schema.org","@graph":[{"@type":"WebPage","@id":"https:\/\/www.manualise.com\/de\/leitender-technischer-redakteur\/","url":"https:\/\/www.manualise.com\/de\/leitender-technischer-redakteur\/","name":"Leitender technischer Redakteur - Manualise","isPartOf":{"@id":"https:\/\/www.manualise.com\/de\/#website"},"datePublished":"2024-02-09T09:49:35+00:00","dateModified":"2024-09-26T12:50:01+00:00","breadcrumb":{"@id":"https:\/\/www.manualise.com\/de\/leitender-technischer-redakteur\/#breadcrumb"},"inLanguage":"de","potentialAction":[{"@type":"ReadAction","target":["https:\/\/www.manualise.com\/de\/leitender-technischer-redakteur\/"]}]},{"@type":"BreadcrumbList","@id":"https:\/\/www.manualise.com\/de\/leitender-technischer-redakteur\/#breadcrumb","itemListElement":[{"@type":"ListItem","position":1,"name":"Home","item":"https:\/\/www.manualise.com\/de\/"},{"@type":"ListItem","position":2,"name":"Leitender technischer Redakteur"}]},{"@type":"WebSite","@id":"https:\/\/www.manualise.com\/de\/#website","url":"https:\/\/www.manualise.com\/de\/","name":"Manualise","description":"","publisher":{"@id":"https:\/\/www.manualise.com\/de\/#organization"},"potentialAction":[{"@type":"SearchAction","target":{"@type":"EntryPoint","urlTemplate":"https:\/\/www.manualise.com\/de\/?s={search_term_string}"},"query-input":{"@type":"PropertyValueSpecification","valueRequired":true,"valueName":"search_term_string"}}],"inLanguage":"de"},{"@type":"Organization","@id":"https:\/\/www.manualise.com\/de\/#organization","name":"Manualise","url":"https:\/\/www.manualise.com\/de\/","logo":{"@type":"ImageObject","inLanguage":"de","@id":"https:\/\/www.manualise.com\/de\/#\/schema\/logo\/image\/","url":"https:\/\/www.manualise.com\/wp-content\/uploads\/2022\/05\/cropped-logo-1.png","contentUrl":"https:\/\/www.manualise.com\/wp-content\/uploads\/2022\/05\/cropped-logo-1.png","width":376,"height":72,"caption":"Manualise"},"image":{"@id":"https:\/\/www.manualise.com\/de\/#\/schema\/logo\/image\/"},"sameAs":["https:\/\/www.facebook.com\/profile.php?id=100075719665277","https:\/\/www.linkedin.com\/company\/3280823\/"]}]}},"_links":{"self":[{"href":"https:\/\/www.manualise.com\/de\/wp-json\/wp\/v2\/pages\/9727","targetHints":{"allow":["GET"]}}],"collection":[{"href":"https:\/\/www.manualise.com\/de\/wp-json\/wp\/v2\/pages"}],"about":[{"href":"https:\/\/www.manualise.com\/de\/wp-json\/wp\/v2\/types\/page"}],"author":[{"embeddable":true,"href":"https:\/\/www.manualise.com\/de\/wp-json\/wp\/v2\/users\/1"}],"replies":[{"embeddable":true,"href":"https:\/\/www.manualise.com\/de\/wp-json\/wp\/v2\/comments?post=9727"}],"version-history":[{"count":2,"href":"https:\/\/www.manualise.com\/de\/wp-json\/wp\/v2\/pages\/9727\/revisions"}],"predecessor-version":[{"id":16508,"href":"https:\/\/www.manualise.com\/de\/wp-json\/wp\/v2\/pages\/9727\/revisions\/16508"}],"wp:attachment":[{"href":"https:\/\/www.manualise.com\/de\/wp-json\/wp\/v2\/media?parent=9727"}],"curies":[{"name":"wp","href":"https:\/\/api.w.org\/{rel}","templated":true}]}}