{"id":10822,"date":"2024-04-26T09:55:23","date_gmt":"2024-04-26T09:55:23","guid":{"rendered":"https:\/\/devmsite2.manualdevelopment.com\/neem-contact-met-ons-op\/"},"modified":"2024-05-27T13:32:45","modified_gmt":"2024-05-27T13:32:45","slug":"solliciteren-bij-manualise","status":"publish","type":"page","link":"https:\/\/www.manualise.com\/nl\/solliciteren\/","title":{"rendered":"ManForm Vacature (NL) &#8211; Solliciteren bij Manualise"},"content":{"rendered":"","protected":false},"excerpt":{"rendered":"<p> [&#8230;]<\/p>\n<p><a class=\"btn btn-secondary understrap-read-more-link\" href=\"https:\/\/www.manualise.com\/nl\/solliciteren\/\">Lees verder\u2026<span class=\"screen-reader-text\"> from ManForm Vacature (NL) &#8211; Solliciteren bij Manualise<\/span><\/a><\/p>\n","protected":false},"author":1,"featured_media":0,"parent":0,"menu_order":0,"comment_status":"closed","ping_status":"closed","template":"page-offers.php","meta":{"_acf_changed":false,"inline_featured_image":false,"footnotes":""},"class_list":["post-10822","page","type-page","status-publish","hentry"],"acf":[],"yoast_head":"<!-- This site is optimized with the Yoast SEO plugin v27.1.1 - https:\/\/yoast.com\/product\/yoast-seo-wordpress\/ -->\n<title>Solliciteren bij Manualise - Manualise<\/title>\n<meta name=\"description\" content=\"Solliciteren bij Manualise: ge\u00efnteresseerd in \u00e9\u00e9n van onze vacatures? Solliciteer online of neem op een andere manier contact met ons op.\" \/>\n<meta name=\"robots\" content=\"index, follow, max-snippet:-1, max-image-preview:large, max-video-preview:-1\" \/>\n<link rel=\"canonical\" href=\"https:\/\/www.manualise.com\/nl\/solliciteren\/\" \/>\n<meta property=\"og:locale\" content=\"nl_NL\" \/>\n<meta property=\"og:type\" content=\"article\" \/>\n<meta property=\"og:title\" content=\"Solliciteren bij Manualise - Manualise\" \/>\n<meta property=\"og:description\" content=\"Solliciteren bij Manualise: ge\u00efnteresseerd in \u00e9\u00e9n van onze vacatures? Solliciteer online of neem op een andere manier contact met ons op.\" \/>\n<meta property=\"og:url\" content=\"https:\/\/www.manualise.com\/nl\/solliciteren\/\" \/>\n<meta property=\"og:site_name\" content=\"Manualise\" \/>\n<meta property=\"article:publisher\" content=\"https:\/\/www.facebook.com\/profile.php?id=100075719665277\" \/>\n<meta property=\"article:modified_time\" content=\"2024-05-27T13:32:45+00:00\" \/>\n<meta name=\"twitter:card\" content=\"summary_large_image\" \/>\n<meta name=\"twitter:label1\" content=\"Geschatte leestijd\" \/>\n\t<meta name=\"twitter:data1\" content=\"1 minuut\" \/>\n<script type=\"application\/ld+json\" class=\"yoast-schema-graph\">{\"@context\":\"https:\/\/schema.org\",\"@graph\":[{\"@type\":\"WebPage\",\"@id\":\"https:\/\/www.manualise.com\/nl\/solliciteren\/\",\"url\":\"https:\/\/www.manualise.com\/nl\/solliciteren\/\",\"name\":\"Solliciteren bij Manualise - Manualise\",\"isPartOf\":{\"@id\":\"https:\/\/www.manualise.com\/nl\/#website\"},\"datePublished\":\"2024-04-26T09:55:23+00:00\",\"dateModified\":\"2024-05-27T13:32:45+00:00\",\"description\":\"Solliciteren bij Manualise: ge\u00efnteresseerd in \u00e9\u00e9n van onze vacatures? Solliciteer online of neem op een andere manier contact met ons op.\",\"breadcrumb\":{\"@id\":\"https:\/\/www.manualise.com\/nl\/solliciteren\/#breadcrumb\"},\"inLanguage\":\"nl-NL\",\"potentialAction\":[{\"@type\":\"ReadAction\",\"target\":[\"https:\/\/www.manualise.com\/nl\/solliciteren\/\"]}]},{\"@type\":\"BreadcrumbList\",\"@id\":\"https:\/\/www.manualise.com\/nl\/solliciteren\/#breadcrumb\",\"itemListElement\":[{\"@type\":\"ListItem\",\"position\":1,\"name\":\"Home\",\"item\":\"https:\/\/www.manualise.com\/nl\/\"},{\"@type\":\"ListItem\",\"position\":2,\"name\":\"ManForm Vacature (NL) &#8211; Solliciteren bij Manualise\"}]},{\"@type\":\"WebSite\",\"@id\":\"https:\/\/www.manualise.com\/nl\/#website\",\"url\":\"https:\/\/www.manualise.com\/nl\/\",\"name\":\"Manualise\",\"description\":\"\",\"publisher\":{\"@id\":\"https:\/\/www.manualise.com\/nl\/#organization\"},\"potentialAction\":[{\"@type\":\"SearchAction\",\"target\":{\"@type\":\"EntryPoint\",\"urlTemplate\":\"https:\/\/www.manualise.com\/nl\/?s={search_term_string}\"},\"query-input\":{\"@type\":\"PropertyValueSpecification\",\"valueRequired\":true,\"valueName\":\"search_term_string\"}}],\"inLanguage\":\"nl-NL\"},{\"@type\":\"Organization\",\"@id\":\"https:\/\/www.manualise.com\/nl\/#organization\",\"name\":\"Manualise\",\"url\":\"https:\/\/www.manualise.com\/nl\/\",\"logo\":{\"@type\":\"ImageObject\",\"inLanguage\":\"nl-NL\",\"@id\":\"https:\/\/www.manualise.com\/nl\/#\/schema\/logo\/image\/\",\"url\":\"https:\/\/www.manualise.com\/wp-content\/uploads\/2022\/05\/cropped-logo-1.png\",\"contentUrl\":\"https:\/\/www.manualise.com\/wp-content\/uploads\/2022\/05\/cropped-logo-1.png\",\"width\":376,\"height\":72,\"caption\":\"Manualise\"},\"image\":{\"@id\":\"https:\/\/www.manualise.com\/nl\/#\/schema\/logo\/image\/\"},\"sameAs\":[\"https:\/\/www.facebook.com\/profile.php?id=100075719665277\",\"https:\/\/www.linkedin.com\/company\/3280823\/\"]}]}<\/script>\n<!-- \/ Yoast SEO plugin. -->","yoast_head_json":{"title":"Solliciteren bij Manualise - Manualise","description":"Solliciteren bij Manualise: ge\u00efnteresseerd in \u00e9\u00e9n van onze vacatures? Solliciteer online of neem op een andere manier contact met ons op.","robots":{"index":"index","follow":"follow","max-snippet":"max-snippet:-1","max-image-preview":"max-image-preview:large","max-video-preview":"max-video-preview:-1"},"canonical":"https:\/\/www.manualise.com\/nl\/solliciteren\/","og_locale":"nl_NL","og_type":"article","og_title":"Solliciteren bij Manualise - Manualise","og_description":"Solliciteren bij Manualise: ge\u00efnteresseerd in \u00e9\u00e9n van onze vacatures? Solliciteer online of neem op een andere manier contact met ons op.","og_url":"https:\/\/www.manualise.com\/nl\/solliciteren\/","og_site_name":"Manualise","article_publisher":"https:\/\/www.facebook.com\/profile.php?id=100075719665277","article_modified_time":"2024-05-27T13:32:45+00:00","twitter_card":"summary_large_image","twitter_misc":{"Geschatte leestijd":"1 minuut"},"schema":{"@context":"https:\/\/schema.org","@graph":[{"@type":"WebPage","@id":"https:\/\/www.manualise.com\/nl\/solliciteren\/","url":"https:\/\/www.manualise.com\/nl\/solliciteren\/","name":"Solliciteren bij Manualise - Manualise","isPartOf":{"@id":"https:\/\/www.manualise.com\/nl\/#website"},"datePublished":"2024-04-26T09:55:23+00:00","dateModified":"2024-05-27T13:32:45+00:00","description":"Solliciteren bij Manualise: ge\u00efnteresseerd in \u00e9\u00e9n van onze vacatures? Solliciteer online of neem op een andere manier contact met ons op.","breadcrumb":{"@id":"https:\/\/www.manualise.com\/nl\/solliciteren\/#breadcrumb"},"inLanguage":"nl-NL","potentialAction":[{"@type":"ReadAction","target":["https:\/\/www.manualise.com\/nl\/solliciteren\/"]}]},{"@type":"BreadcrumbList","@id":"https:\/\/www.manualise.com\/nl\/solliciteren\/#breadcrumb","itemListElement":[{"@type":"ListItem","position":1,"name":"Home","item":"https:\/\/www.manualise.com\/nl\/"},{"@type":"ListItem","position":2,"name":"ManForm Vacature (NL) &#8211; Solliciteren bij Manualise"}]},{"@type":"WebSite","@id":"https:\/\/www.manualise.com\/nl\/#website","url":"https:\/\/www.manualise.com\/nl\/","name":"Manualise","description":"","publisher":{"@id":"https:\/\/www.manualise.com\/nl\/#organization"},"potentialAction":[{"@type":"SearchAction","target":{"@type":"EntryPoint","urlTemplate":"https:\/\/www.manualise.com\/nl\/?s={search_term_string}"},"query-input":{"@type":"PropertyValueSpecification","valueRequired":true,"valueName":"search_term_string"}}],"inLanguage":"nl-NL"},{"@type":"Organization","@id":"https:\/\/www.manualise.com\/nl\/#organization","name":"Manualise","url":"https:\/\/www.manualise.com\/nl\/","logo":{"@type":"ImageObject","inLanguage":"nl-NL","@id":"https:\/\/www.manualise.com\/nl\/#\/schema\/logo\/image\/","url":"https:\/\/www.manualise.com\/wp-content\/uploads\/2022\/05\/cropped-logo-1.png","contentUrl":"https:\/\/www.manualise.com\/wp-content\/uploads\/2022\/05\/cropped-logo-1.png","width":376,"height":72,"caption":"Manualise"},"image":{"@id":"https:\/\/www.manualise.com\/nl\/#\/schema\/logo\/image\/"},"sameAs":["https:\/\/www.facebook.com\/profile.php?id=100075719665277","https:\/\/www.linkedin.com\/company\/3280823\/"]}]}},"_links":{"self":[{"href":"https:\/\/www.manualise.com\/nl\/wp-json\/wp\/v2\/pages\/10822","targetHints":{"allow":["GET"]}}],"collection":[{"href":"https:\/\/www.manualise.com\/nl\/wp-json\/wp\/v2\/pages"}],"about":[{"href":"https:\/\/www.manualise.com\/nl\/wp-json\/wp\/v2\/types\/page"}],"author":[{"embeddable":true,"href":"https:\/\/www.manualise.com\/nl\/wp-json\/wp\/v2\/users\/1"}],"replies":[{"embeddable":true,"href":"https:\/\/www.manualise.com\/nl\/wp-json\/wp\/v2\/comments?post=10822"}],"version-history":[{"count":7,"href":"https:\/\/www.manualise.com\/nl\/wp-json\/wp\/v2\/pages\/10822\/revisions"}],"predecessor-version":[{"id":10866,"href":"https:\/\/www.manualise.com\/nl\/wp-json\/wp\/v2\/pages\/10822\/revisions\/10866"}],"wp:attachment":[{"href":"https:\/\/www.manualise.com\/nl\/wp-json\/wp\/v2\/media?parent=10822"}],"curies":[{"name":"wp","href":"https:\/\/api.w.org\/{rel}","templated":true}]}}